{"id":1285,"date":"2019-12-02T16:22:59","date_gmt":"2019-12-02T16:22:59","guid":{"rendered":"https:\/\/www.hacesmasdeloquecrees.org\/?page_id=1285"},"modified":"2021-04-28T11:07:16","modified_gmt":"2021-04-28T11:07:16","slug":"galeria-octavo-bosque","status":"publish","type":"page","link":"https:\/\/www.hacesmasdeloquecrees.org\/index.php\/galeria-octavo-bosque\/","title":{"rendered":"Galer\u00eda octavo bosque"},"content":{"rendered":"<p>[vc_row type=\u00bbfull-width-section\u00bb content_placement=\u00bbtop\u00bb css=\u00bb.vc_custom_1519664863374{margin-top: 0px !important;margin-bottom: 0px !important;padding-top: 70px !important;padding-bottom: 0px !important;background-color: #e6e6e6 !important;background-position: center !important;background-repeat: no-repeat !important;background-size: cover !important;}\u00bb][vc_column][vc_custom_heading text=\u00bbUn paseo por el octavo Bosque SIGAUS\u00bb font_container=\u00bbtag:h2|text_align:center\u00bb use_theme_fonts=\u00bbyes\u00bb]<style type=\"text\/css\" >#l_9utle0kfb5t6lzab0d3k{width:200px;}#l_9utle0kfb5t6lzab0d3k.sc_line ,#l_9utle0kfb5t6lzab0d3k .sc_line { height:1px; background:#1aa372;}#l_9utle0kfb5t6lzab0d3k.sc_line ,#l_9utle0kfb5t6lzab0d3k .sc_line{margin-left:auto!important; margin-right:auto!important;}#l_9utle0kfb5t6lzab0d3k {margin:0px 0 0px 0; padding:0;}<\/style><style type='text\/css'> @font-face{font-family: 'fa'; src:url('https:\/\/www.hacesmasdeloquecrees.org\/wp-content\/themes\/BosquesSigaus\/includes\/4k-icons\/icons\/4k-icons-pack02\/icons\/fonts\/fa.eot'); src:url('https:\/\/www.hacesmasdeloquecrees.org\/wp-content\/themes\/BosquesSigaus\/includes\/4k-icons\/icons\/4k-icons-pack02\/icons\/fonts\/fa.eot?#iefix') format('embedded-opentype'), url('https:\/\/www.hacesmasdeloquecrees.org\/wp-content\/themes\/BosquesSigaus\/includes\/4k-icons\/icons\/4k-icons-pack02\/icons\/fonts\/fa.woff') format('woff'), url('https:\/\/www.hacesmasdeloquecrees.org\/wp-content\/themes\/BosquesSigaus\/includes\/4k-icons\/icons\/4k-icons-pack02\/icons\/fonts\/fa.ttf') format('truetype'), url('https:\/\/www.hacesmasdeloquecrees.org\/wp-content\/themes\/BosquesSigaus\/includes\/4k-icons\/icons\/4k-icons-pack02\/icons\/fonts\/fa.svg#oi') format('svg'); font-weight: normal; font-style: normal;}#l_9utle0kfb5t6lzab0d3k .fa-tree:before{font-family: 'fa'; font-weight: normal; font-style: normal;}#l_9utle0kfb5t6lzab0d3k .fa-tree:before{content: \"\\f1bb\";}<\/style>\n<style type=\"text\/css\" >#l_9utle0kfb5t6lzab0d3k.rd_icon_line_c{height:30px;}#l_9utle0kfb5t6lzab0d3k.rd_icon_line_c i{line-height:25px; width:25px ; font-size:25px; color:#1aa372 ; margin-left:-12.5px;}#l_9utle0kfb5t6lzab0d3k .sc_line_l{float:left; margin:12.5px 0 0 0; width: -moz-calc(50% - 22.5px); width: -webkit-calc(50% - 22.5px); width: -o-calc(50% - 22.5px); width: calc(50% - 22.5px);}#l_9utle0kfb5t6lzab0d3k .sc_line_r{float:right; margin:12.5px 0 0 0; width: -moz-calc(50% - 22.5px); width: -webkit-calc(50% - 22.5px); width: -o-calc(50% - 22.5px); width: calc(50% - 22.5px);}<\/style><div class=\"clearfix\"><\/div><div id=\"l_9utle0kfb5t6lzab0d3k\"  class=\"rd_icon_line_c\"><i class=\"fa-tree\"><\/i><div class=\"sc_line_l sc_line rd_line_normal\" ><\/div><div class=\"sc_line sc_line_r rd_line_normal\" ><\/div><\/div>[vc_empty_space][vc_column_text]<\/p>\n<p style=\"text-align: center;\">Tu compromiso con el medio ambiente va m\u00e1s all\u00e1 de lo que imaginas. Adem\u00e1s de la colaboraci\u00f3n que haces en cada cambio de aceite de tu coche, con tu participaci\u00f3n en nuestra iniciativa has contribuido a que exista un nuevo Bosque SIGAUS. Localiza tu \u00e1rbol y accede al enlace en el que podr\u00e1s descargarte tu certificado.<\/p>\n<p>[\/vc_column_text][vc_custom_heading text=\u00bbUsa el buscador para encontrar con mayor facilidad la ficha de tu \u00e1rbol\u00bb font_container=\u00bbtag:h3|font_size:23px|text_align:center|color:%231aa372|line_height:27px\u00bb use_theme_fonts=\u00bbyes\u00bb][\/vc_column][\/vc_row]<\/p>\n<div ng-app=\"ajaxExample\">\n<div class=\"full-width-section\" ng-controller=\"mainController\">\n<div style=\"background:#e6e6e6; padding-top:0px; padding-bottom:50px;\" class=\"full-width-section\">\n        <label class=\"miBuscador\"> <input placeholder=\"Busca tu \u00e1rbol:\" ng-model=\"searchText\" class=\"miBuscador\"><\/label><span class=\"icon miLupa\"> <i class=\"fas fa-search\"><\/i><\/span>\n    <\/div>\n<div  style=\"margin-top:50px;\">\n<ul>\n<li class=\"listaBuscador\" ng-repeat=\"usuario in usuarios | filter:searchText | offset: currentPage*itemsPerPage | limitTo: itemsPerPage\">\n <a href=\"https:\/\/www.hacesmasdeloquecrees.org\/index.php\/arbol-octavo-bosque?{{usuario.ID}}\"><img decoding=\"async\" style=\"width:100%;height:auto;\" src=\"\/wp-content\/uploads\/arbol8\/{{usuario.ID}}.jpg\"\/><\/a><\/p>\n<div class=\"miUsuario\">{{usuario.NOMBRE}} <\/div>\n<p><!-- \n\n<div style=\"float:right;\"><a href=\"https:\/\/www.hacesmasdeloquecrees.org\/index.php\/arbol-octavo-bosque?{{usuario.ID}}\">Ver \u00e1rbol<\/a> <\/div>\n\n-->\n <\/li>\n<\/ul><\/div>\n<div class=\"pagination\">\n<ul>\n<li ng-class=\"prevPageDisabled()\">\n                <a href ng-click=\"prevPage()\">\u00ab Prev<\/a>\n              <\/li>\n<li ng-repeat=\"n in range()\" ng-class=\"{active: n == currentPage}\" ng-click=\"setPage(n)\">\n                <a href>{{n+1}}<\/a>\n              <\/li>\n<li ng-class=\"nextPageDisabled()\">\n                <a href ng-click=\"nextPage()\">Next \u00bb<\/a>\n              <\/li>\n<\/ul><\/div>\n<\/div>\n<\/div>\n<p><script src=\"https:\/\/ajax.googleapis.com\/ajax\/libs\/angularjs\/1.6.4\/angular.min.js\"><\/script><br \/>\n<script>\nvar ajaxExample = angular.module('ajaxExample', []);\najaxExample.filter('offset', function() {\n  return function(input, start) {\n    start = parseInt(start, 10);\n    return input.slice(start);\n  };\n});\najaxExample.controller('mainController', function($scope, $http){\n $scope.itemsPerPage = 12;\n  $scope.currentPage = 0;\n  $scope.usuarios = [];\n$http({\n   method: 'GET',\n   url: '\/index.php\/getdata8\/'\n}).then(function (response) {\n$scope.usuarios =response.data; \nconsole.log(\"ok8\",$scope.usuarios);\n}, function (response) {\nconsole.log(response);\n});\n$scope.range = function() {\n    var rangeSize = 10;\n    var ret = [];\n    var start;\n    start = $scope.currentPage;\n    if ( start > $scope.pageCount()-rangeSize ) {\n      start = $scope.pageCount()-rangeSize+1;\n    }\n    for (var i=start; i<start+rangeSize; i++) {\n      ret.push(i);\n    }\n    return ret;\n  };\n  $scope.prevPage = function() {\n    if ($scope.currentPage > 0) {\n      $scope.currentPage--;\n    }\n  };\n  $scope.prevPageDisabled = function() {\n    return $scope.currentPage === 0 ? \"disabled\" : \"\";\n  };\n  $scope.pageCount = function() {\n    return Math.ceil($scope.usuarios.length\/$scope.itemsPerPage)-1;\n  };\n  $scope.nextPage = function() {\n    if ($scope.currentPage < $scope.pageCount()) {\n      $scope.currentPage++;\n    }\n  };\n  $scope.nextPageDisabled = function() {\n    return $scope.currentPage === $scope.pageCount() ? \"disabled\" : \"\";\n  };\n  $scope.setPage = function(n) {\n    $scope.currentPage = n;\n  };\n});  \n<\/script><\/p>\n","protected":false},"excerpt":{"rendered":"<p>[vc_row type=\u00bbfull-width-section\u00bb content_placement=\u00bbtop\u00bb css=\u00bb.vc_custom_1519664863374{margin-top: 0px !important;margin-bottom: 0px !important;padding-top: 70px !important;padding-bottom: 0px !important;background-color: #e6e6e6 !important;background-position: center !important;background-repeat: no-repeat !important;background-size: cover !important;}\u00bb][vc_column][vc_custom_heading text=\u00bbUn paseo por el octavo Bosque SIGAUS\u00bb font_container=\u00bbtag:h2|text_align:center\u00bb use_theme_fonts=\u00bbyes\u00bb] [vc_empty_space][vc_column_text] Tu compromiso con el medio ambiente va m\u00e1s all\u00e1 de lo que imaginas. Adem\u00e1s de la colaboraci\u00f3n que haces en cada cambio de aceite de<br \/><a href=\"https:\/\/www.hacesmasdeloquecrees.org\/index.php\/galeria-octavo-bosque\/\" class=\"more\">Read more<\/a><\/p>\n","protected":false},"author":8,"featured_media":0,"parent":0,"menu_order":0,"comment_status":"closed","ping_status":"closed","template":"","meta":{"footnotes":""},"class_list":["post-1285","page","type-page","status-publish","hentry"],"yoast_head":"<!-- This site is optimized with the Yoast SEO plugin v26.0 - https:\/\/yoast.com\/wordpress\/plugins\/seo\/ -->\n<title>Galer\u00eda octavo bosque - Bosques SIGAUS<\/title>\n<meta name=\"robots\" content=\"index, follow, max-snippet:-1, max-image-preview:large, max-video-preview:-1\" \/>\n<link rel=\"canonical\" href=\"https:\/\/www.hacesmasdeloquecrees.org\/index.php\/galeria-octavo-bosque\/\" \/>\n<meta property=\"og:locale\" content=\"es_ES\" \/>\n<meta property=\"og:type\" content=\"article\" \/>\n<meta property=\"og:title\" content=\"Galer\u00eda octavo bosque - Bosques SIGAUS\" \/>\n<meta property=\"og:description\" content=\"[vc_row type=\u00bbfull-width-section\u00bb content_placement=\u00bbtop\u00bb css=\u00bb.vc_custom_1519664863374{margin-top: 0px !important;margin-bottom: 0px !important;padding-top: 70px !important;padding-bottom: 0px !important;background-color: #e6e6e6 !important;background-position: center !important;background-repeat: no-repeat !important;background-size: cover !important;}\u00bb][vc_column][vc_custom_heading text=\u00bbUn paseo por el octavo Bosque SIGAUS\u00bb font_container=\u00bbtag:h2|text_align:center\u00bb use_theme_fonts=\u00bbyes\u00bb] [vc_empty_space][vc_column_text] Tu compromiso con el medio ambiente va m\u00e1s all\u00e1 de lo que imaginas. Adem\u00e1s de la colaboraci\u00f3n que haces en cada cambio de aceite deRead more\" \/>\n<meta property=\"og:url\" content=\"https:\/\/www.hacesmasdeloquecrees.org\/index.php\/galeria-octavo-bosque\/\" \/>\n<meta property=\"og:site_name\" content=\"Bosques SIGAUS\" \/>\n<meta property=\"article:publisher\" content=\"https:\/\/www.facebook.com\/HacesMasconSIGAUS\/\" \/>\n<meta property=\"article:modified_time\" content=\"2021-04-28T11:07:16+00:00\" \/>\n<meta name=\"twitter:card\" content=\"summary_large_image\" \/>\n<meta name=\"twitter:site\" content=\"@hacesmas\" \/>\n<meta name=\"twitter:label1\" content=\"Tiempo de lectura\" \/>\n\t<meta name=\"twitter:data1\" content=\"1 minuto\" \/>\n<script type=\"application\/ld+json\" class=\"yoast-schema-graph\">{\"@context\":\"https:\/\/schema.org\",\"@graph\":[{\"@type\":\"WebPage\",\"@id\":\"https:\/\/www.hacesmasdeloquecrees.org\/index.php\/galeria-octavo-bosque\/\",\"url\":\"https:\/\/www.hacesmasdeloquecrees.org\/index.php\/galeria-octavo-bosque\/\",\"name\":\"Galer\u00eda octavo bosque - Bosques SIGAUS\",\"isPartOf\":{\"@id\":\"https:\/\/www.hacesmasdeloquecrees.org\/#website\"},\"datePublished\":\"2019-12-02T16:22:59+00:00\",\"dateModified\":\"2021-04-28T11:07:16+00:00\",\"breadcrumb\":{\"@id\":\"https:\/\/www.hacesmasdeloquecrees.org\/index.php\/galeria-octavo-bosque\/#breadcrumb\"},\"inLanguage\":\"es\",\"potentialAction\":[{\"@type\":\"ReadAction\",\"target\":[\"https:\/\/www.hacesmasdeloquecrees.org\/index.php\/galeria-octavo-bosque\/\"]}]},{\"@type\":\"BreadcrumbList\",\"@id\":\"https:\/\/www.hacesmasdeloquecrees.org\/index.php\/galeria-octavo-bosque\/#breadcrumb\",\"itemListElement\":[{\"@type\":\"ListItem\",\"position\":1,\"name\":\"Portada\",\"item\":\"https:\/\/www.hacesmasdeloquecrees.org\/\"},{\"@type\":\"ListItem\",\"position\":2,\"name\":\"Galer\u00eda octavo bosque\"}]},{\"@type\":\"WebSite\",\"@id\":\"https:\/\/www.hacesmasdeloquecrees.org\/#website\",\"url\":\"https:\/\/www.hacesmasdeloquecrees.org\/\",\"name\":\"hacesmasdeloquecrees\",\"description\":\"Informaci\u00f3n de todos los bosques que ha plantado SIGAUS\",\"publisher\":{\"@id\":\"https:\/\/www.hacesmasdeloquecrees.org\/#organization\"},\"alternateName\":\"Bosques SIGAUS\",\"potentialAction\":[{\"@type\":\"SearchAction\",\"target\":{\"@type\":\"EntryPoint\",\"urlTemplate\":\"https:\/\/www.hacesmasdeloquecrees.org\/?s={search_term_string}\"},\"query-input\":{\"@type\":\"PropertyValueSpecification\",\"valueRequired\":true,\"valueName\":\"search_term_string\"}}],\"inLanguage\":\"es\"},{\"@type\":\"Organization\",\"@id\":\"https:\/\/www.hacesmasdeloquecrees.org\/#organization\",\"name\":\"hacesmasdeloquecrees\",\"url\":\"https:\/\/www.hacesmasdeloquecrees.org\/\",\"logo\":{\"@type\":\"ImageObject\",\"inLanguage\":\"es\",\"@id\":\"https:\/\/www.hacesmasdeloquecrees.org\/#\/schema\/logo\/image\/\",\"url\":\"https:\/\/www.hacesmasdeloquecrees.org\/wp-content\/uploads\/2025\/08\/logoSIGAUS_color-scaled.png\",\"contentUrl\":\"https:\/\/www.hacesmasdeloquecrees.org\/wp-content\/uploads\/2025\/08\/logoSIGAUS_color-scaled.png\",\"width\":2560,\"height\":1730,\"caption\":\"hacesmasdeloquecrees\"},\"image\":{\"@id\":\"https:\/\/www.hacesmasdeloquecrees.org\/#\/schema\/logo\/image\/\"},\"sameAs\":[\"https:\/\/www.facebook.com\/HacesMasconSIGAUS\/\",\"https:\/\/x.com\/hacesmas\"]}]}<\/script>\n<!-- \/ Yoast SEO plugin. -->","yoast_head_json":{"title":"Galer\u00eda octavo bosque - Bosques SIGAUS","robots":{"index":"index","follow":"follow","max-snippet":"max-snippet:-1","max-image-preview":"max-image-preview:large","max-video-preview":"max-video-preview:-1"},"canonical":"https:\/\/www.hacesmasdeloquecrees.org\/index.php\/galeria-octavo-bosque\/","og_locale":"es_ES","og_type":"article","og_title":"Galer\u00eda octavo bosque - Bosques SIGAUS","og_description":"[vc_row type=\u00bbfull-width-section\u00bb content_placement=\u00bbtop\u00bb css=\u00bb.vc_custom_1519664863374{margin-top: 0px !important;margin-bottom: 0px !important;padding-top: 70px !important;padding-bottom: 0px !important;background-color: #e6e6e6 !important;background-position: center !important;background-repeat: no-repeat !important;background-size: cover !important;}\u00bb][vc_column][vc_custom_heading text=\u00bbUn paseo por el octavo Bosque SIGAUS\u00bb font_container=\u00bbtag:h2|text_align:center\u00bb use_theme_fonts=\u00bbyes\u00bb] [vc_empty_space][vc_column_text] Tu compromiso con el medio ambiente va m\u00e1s all\u00e1 de lo que imaginas. Adem\u00e1s de la colaboraci\u00f3n que haces en cada cambio de aceite deRead more","og_url":"https:\/\/www.hacesmasdeloquecrees.org\/index.php\/galeria-octavo-bosque\/","og_site_name":"Bosques SIGAUS","article_publisher":"https:\/\/www.facebook.com\/HacesMasconSIGAUS\/","article_modified_time":"2021-04-28T11:07:16+00:00","twitter_card":"summary_large_image","twitter_site":"@hacesmas","twitter_misc":{"Tiempo de lectura":"1 minuto"},"schema":{"@context":"https:\/\/schema.org","@graph":[{"@type":"WebPage","@id":"https:\/\/www.hacesmasdeloquecrees.org\/index.php\/galeria-octavo-bosque\/","url":"https:\/\/www.hacesmasdeloquecrees.org\/index.php\/galeria-octavo-bosque\/","name":"Galer\u00eda octavo bosque - Bosques SIGAUS","isPartOf":{"@id":"https:\/\/www.hacesmasdeloquecrees.org\/#website"},"datePublished":"2019-12-02T16:22:59+00:00","dateModified":"2021-04-28T11:07:16+00:00","breadcrumb":{"@id":"https:\/\/www.hacesmasdeloquecrees.org\/index.php\/galeria-octavo-bosque\/#breadcrumb"},"inLanguage":"es","potentialAction":[{"@type":"ReadAction","target":["https:\/\/www.hacesmasdeloquecrees.org\/index.php\/galeria-octavo-bosque\/"]}]},{"@type":"BreadcrumbList","@id":"https:\/\/www.hacesmasdeloquecrees.org\/index.php\/galeria-octavo-bosque\/#breadcrumb","itemListElement":[{"@type":"ListItem","position":1,"name":"Portada","item":"https:\/\/www.hacesmasdeloquecrees.org\/"},{"@type":"ListItem","position":2,"name":"Galer\u00eda octavo bosque"}]},{"@type":"WebSite","@id":"https:\/\/www.hacesmasdeloquecrees.org\/#website","url":"https:\/\/www.hacesmasdeloquecrees.org\/","name":"hacesmasdeloquecrees","description":"Informaci\u00f3n de todos los bosques que ha plantado SIGAUS","publisher":{"@id":"https:\/\/www.hacesmasdeloquecrees.org\/#organization"},"alternateName":"Bosques SIGAUS","potentialAction":[{"@type":"SearchAction","target":{"@type":"EntryPoint","urlTemplate":"https:\/\/www.hacesmasdeloquecrees.org\/?s={search_term_string}"},"query-input":{"@type":"PropertyValueSpecification","valueRequired":true,"valueName":"search_term_string"}}],"inLanguage":"es"},{"@type":"Organization","@id":"https:\/\/www.hacesmasdeloquecrees.org\/#organization","name":"hacesmasdeloquecrees","url":"https:\/\/www.hacesmasdeloquecrees.org\/","logo":{"@type":"ImageObject","inLanguage":"es","@id":"https:\/\/www.hacesmasdeloquecrees.org\/#\/schema\/logo\/image\/","url":"https:\/\/www.hacesmasdeloquecrees.org\/wp-content\/uploads\/2025\/08\/logoSIGAUS_color-scaled.png","contentUrl":"https:\/\/www.hacesmasdeloquecrees.org\/wp-content\/uploads\/2025\/08\/logoSIGAUS_color-scaled.png","width":2560,"height":1730,"caption":"hacesmasdeloquecrees"},"image":{"@id":"https:\/\/www.hacesmasdeloquecrees.org\/#\/schema\/logo\/image\/"},"sameAs":["https:\/\/www.facebook.com\/HacesMasconSIGAUS\/","https:\/\/x.com\/hacesmas"]}]}},"_links":{"self":[{"href":"https:\/\/www.hacesmasdeloquecrees.org\/index.php\/wp-json\/wp\/v2\/pages\/1285","targetHints":{"allow":["GET"]}}],"collection":[{"href":"https:\/\/www.hacesmasdeloquecrees.org\/index.php\/wp-json\/wp\/v2\/pages"}],"about":[{"href":"https:\/\/www.hacesmasdeloquecrees.org\/index.php\/wp-json\/wp\/v2\/types\/page"}],"author":[{"embeddable":true,"href":"https:\/\/www.hacesmasdeloquecrees.org\/index.php\/wp-json\/wp\/v2\/users\/8"}],"replies":[{"embeddable":true,"href":"https:\/\/www.hacesmasdeloquecrees.org\/index.php\/wp-json\/wp\/v2\/comments?post=1285"}],"version-history":[{"count":10,"href":"https:\/\/www.hacesmasdeloquecrees.org\/index.php\/wp-json\/wp\/v2\/pages\/1285\/revisions"}],"predecessor-version":[{"id":1397,"href":"https:\/\/www.hacesmasdeloquecrees.org\/index.php\/wp-json\/wp\/v2\/pages\/1285\/revisions\/1397"}],"wp:attachment":[{"href":"https:\/\/www.hacesmasdeloquecrees.org\/index.php\/wp-json\/wp\/v2\/media?parent=1285"}],"curies":[{"name":"wp","href":"https:\/\/api.w.org\/{rel}","templated":true}]}}