{"id":1590,"date":"2022-02-16T11:10:01","date_gmt":"2022-02-16T11:10:01","guid":{"rendered":"https:\/\/www.hacesmasdeloquecrees.org\/?page_id=1590"},"modified":"2024-08-12T08:17:05","modified_gmt":"2024-08-12T08:17:05","slug":"arbol-decimo-bosque","status":"publish","type":"page","link":"https:\/\/www.hacesmasdeloquecrees.org\/index.php\/arbol-decimo-bosque\/","title":{"rendered":"arbol d\u00e9cimo bosque"},"content":{"rendered":"<div style=\"margin-top:70px;\"><\/div>\n<p>[vc_row type=\u00bbfull-width-section\u00bb content_placement=\u00bbtop\u00bb css=\u00bb.vc_custom_1519664863374{margin-top: 70px !important;margin-bottom: 0px !important;padding-top: 70px !important;padding-bottom: 0px !important;background-color: #ffffff !important;background-position: center !important;background-repeat: no-repeat !important;background-size: cover !important;}\u00bb][vc_column][vc_custom_heading text=\u00bbEl \u00e1rbol de&#8230;\u00bb font_container=\u00bbtag:h2|text_align:center\u00bb use_theme_fonts=\u00bbyes\u00bb]<style type=\"text\/css\" >#l_ff5bh9ysmpk7ymhsk24i{width:200px;}#l_ff5bh9ysmpk7ymhsk24i.sc_line ,#l_ff5bh9ysmpk7ymhsk24i .sc_line { height:1px; background:#1aa372;}#l_ff5bh9ysmpk7ymhsk24i.sc_line ,#l_ff5bh9ysmpk7ymhsk24i .sc_line{margin-left:auto!important; margin-right:auto!important;}#l_ff5bh9ysmpk7ymhsk24i {margin:0px 0 0px 0; padding:0;}<\/style><style type='text\/css'> @font-face{font-family: 'fa'; src:url('https:\/\/www.hacesmasdeloquecrees.org\/wp-content\/themes\/BosquesSigaus\/includes\/4k-icons\/icons\/4k-icons-pack02\/icons\/fonts\/fa.eot'); src:url('https:\/\/www.hacesmasdeloquecrees.org\/wp-content\/themes\/BosquesSigaus\/includes\/4k-icons\/icons\/4k-icons-pack02\/icons\/fonts\/fa.eot?#iefix') format('embedded-opentype'), url('https:\/\/www.hacesmasdeloquecrees.org\/wp-content\/themes\/BosquesSigaus\/includes\/4k-icons\/icons\/4k-icons-pack02\/icons\/fonts\/fa.woff') format('woff'), url('https:\/\/www.hacesmasdeloquecrees.org\/wp-content\/themes\/BosquesSigaus\/includes\/4k-icons\/icons\/4k-icons-pack02\/icons\/fonts\/fa.ttf') format('truetype'), url('https:\/\/www.hacesmasdeloquecrees.org\/wp-content\/themes\/BosquesSigaus\/includes\/4k-icons\/icons\/4k-icons-pack02\/icons\/fonts\/fa.svg#oi') format('svg'); font-weight: normal; font-style: normal;}#l_ff5bh9ysmpk7ymhsk24i .fa-tree:before{font-family: 'fa'; font-weight: normal; font-style: normal;}#l_ff5bh9ysmpk7ymhsk24i .fa-tree:before{content: \"\\f1bb\";}<\/style>\n<style type=\"text\/css\" >#l_ff5bh9ysmpk7ymhsk24i.rd_icon_line_c{height:30px;}#l_ff5bh9ysmpk7ymhsk24i.rd_icon_line_c i{line-height:25px; width:25px ; font-size:25px; color:#1aa372 ; margin-left:-12.5px;}#l_ff5bh9ysmpk7ymhsk24i .sc_line_l{float:left; margin:12.5px 0 0 0; width: -moz-calc(50% - 22.5px); width: -webkit-calc(50% - 22.5px); width: -o-calc(50% - 22.5px); width: calc(50% - 22.5px);}#l_ff5bh9ysmpk7ymhsk24i .sc_line_r{float:right; margin:12.5px 0 0 0; width: -moz-calc(50% - 22.5px); width: -webkit-calc(50% - 22.5px); width: -o-calc(50% - 22.5px); width: calc(50% - 22.5px);}<\/style><div class=\"clearfix\"><\/div><div id=\"l_ff5bh9ysmpk7ymhsk24i\"  class=\"rd_icon_line_c\"><i class=\"fa-tree\"><\/i><div class=\"sc_line_l sc_line rd_line_normal\" ><\/div><div class=\"sc_line sc_line_r rd_line_normal\" ><\/div><\/div>[vc_empty_space][vc_column_text]<\/p>\n<div ng-app=\"appArbol10\">\n<div ng-controller=\"arbolController10\">\n<div style=\"background:#fff; padding-top:0px; padding-bottom:50px;\" class=\"full-width-section\">\n<div class=\"fichaArbol\"><img decoding=\"async\" src=\"\/wp-content\/uploads\/arbol10\/{{arbol.ID}}.jpg\"\/><\/div>\n<div class=\"datosaArbol\">\n<h4 style=\"font-size:38px; line-height:46px;\"> <b>\u00a1Enhorabuena! <\/b> <br \/>Ya tienes tu \u00e1rbol con el nombre que has elegido. <\/h4>\n<p> Puedes localizarlo a trav\u00e9s de las coordenadas que te facilitamos. Adem\u00e1s, tienes a tu disposici\u00f3n la descarga del certificado en el enlace inferior.<\/p>\n<p>            <input type='hidden' name='name' id='name' value='{{arbol.NOMBRE}}'><\/p>\n<div style=\"margin-top:30px;\"><\/div>\n<hr style=\"border: 1px dotted #1aa372;\">\n<h3> Nombre de usuario: <span id=\"arbol\">{{arbol.NOMBRE}}<\/span> <\/h3>\n<hr style=\"border: 1px dotted #1aa372;\">\n<h3> Nombre del \u00e1rbol: <span id=\"arbol\">{{arbol.ARBOL}}<\/span> <\/h3>\n<hr style=\"border: 1px dotted #1aa372;\">\n<div style=\"margin-top:90px;\"><\/div>\n<p>           <a class=\"botonCertificado\" ng-click=\"descargarCertificado()\" style=\"cursor:pointer\">DESCARGAR CERTIFICADO<\/a>\n           <\/div><\/div>\n<div style=\"background:#e6e6e6; padding-top:70px; padding-bottom:70px; margin-bottom:100px;\" class=\"full-width-section\">\n<div class=\"geolocalizacion\">\n<h2>Coordenadas del \u00e1rbol<\/h2>\n<div style=\"margin-top:30px;\"><\/div>\n<hr style=\"border: 1px dotted #1aa372;\">\n<h3>Latitud: <span id=\"latitud\">{{arbol.LATITUD}}<\/span> <\/h3>\n<hr style=\"border: 1px dotted #1aa372;\">\n<h3> Longitud: <span id=\"longitud\">{{arbol.LONGITUD}}<\/span> <\/h3>\n<hr style=\"border: 1px dotted #1aa372;\">\n           <\/div>\n<div class=\"geolocalizacion\" id=\"map_canvas\" style=\"height:380px\"><\/div><\/div><\/div>\n<\/div>\n<\/div>\n<p><script src=\"https:\/\/ajax.googleapis.com\/ajax\/libs\/angularjs\/1.6.4\/angular.min.js\"><\/script><br \/>\n<script>\nvar url = window.location.href.split(\"?\");\nvar id = url[url.length-1];\nvar appArbol10= angular.module('appArbol10', []);\nappArbol10.controller('arbolController10', function($scope, $http){\n$http({\n   method: 'GET',\n   url: '\/index.php\/getarbol10\/',\nparams: {idarbol: id}\n}).then(function (response) {\n$scope.arbol=response.data[0];\n\/\/ ---------------------CODIGO Estudios GIS\nif(response.data[0]!=undefined)\n{\nsetTimeout(() => {createMapArbol(response.data[0].NOMBRE,response.data[0].LATITUD,response.data[0].LONGITUD);}, 1000)\n} \n\/\/ ---------------------CODIGO Estudios GIS\n\/\/ code to execute in case of success\n}, function (response) {\nconsole.log(response);\n   \/\/ code to execute in case of error\n});\n$scope.descargarCertificado=function(){\n var ua = window.navigator.userAgent;\n var msie = ua.indexOf(\"NET\");\nvar nombreC=document.getElementById(\"name\").value;\n$http({\n   method: 'POST',\n   url: '\/index.php\/getcertificado10\/',\nparams: {nombre: nombreC}\n}).then(function (response) {\n\/\/window.open(\"\/Certificado_\"+nombreC+\".pdf\");\n if (msie>0) {\n    window.open(\"\/Certificado_\"+nombreC+\".pdf\");\n}else{\n  var link = document.createElement('a');\n  link.href = \"\/Certificado_\"+nombreC+\".pdf\";\n  link.download=\"Certificado_\"+nombreC+\".pdf\";\n  link.dispatchEvent(new MouseEvent('click'));\n  }\n\/\/  link.click();\n}, function (response) {\nconsole.log(response);\n   \/\/ code to execute in case of error\n});\n}\n});<\/script><\/p>\n<p><!-- SCRIPTS VISOR ESTUDIOS GIS --><br \/>\n<!--script async defer type=\"text\/javascript\" src=\"https:\/\/maps.google.com\/maps\/api\/js?key=AIzaSyAbXxX3nw0H6rQ70lYbibWNYuH8dw43LBk&amp;v=3.5&amp;sensor=false\"><\/script--><br \/>\n<script src=\"https:\/\/maps.googleapis.com\/maps\/api\/js?key=AIzaSyAbXxX3nw0H6rQ70lYbibWNYuH8dw43LBk&#038;sensor=false&#038;v=3.20\"><\/script><br \/>\n<script type=\"text\/javascript\" src=\"\/visor\/js\/OpenLayers.js\"><\/script><br \/>\n<script type=\"text\/javascript\" src=\"\/visor\/js\/decimobosque.js\"><\/script><\/p>\n<link rel=\"stylesheet\" href=\"\/visor\/js\/theme\/default\/style.css\" type=\"text\/css\">\n<link rel=\"stylesheet\" href=\"\/visor\/css\/propiovisor.css\" type=\"text\/css\">\n<style>\nimg.olTileImage {\n    max-width: none !important;\n}\n<\/style>\n<p><!-- SCRIPTS VISOR ESTUDIOS GIS --><\/p>\n","protected":false},"excerpt":{"rendered":"<p>[vc_row type=\u00bbfull-width-section\u00bb content_placement=\u00bbtop\u00bb css=\u00bb.vc_custom_1519664863374{margin-top: 70px !important;margin-bottom: 0px !important;padding-top: 70px !important;padding-bottom: 0px !important;background-color: #ffffff !important;background-position: center !important;background-repeat: no-repeat !important;background-size: cover !important;}\u00bb][vc_column][vc_custom_heading text=\u00bbEl \u00e1rbol de&#8230;\u00bb font_container=\u00bbtag:h2|text_align:center\u00bb use_theme_fonts=\u00bbyes\u00bb] [vc_empty_space][vc_column_text] \u00a1Enhorabuena! Ya tienes tu \u00e1rbol con el nombre que has elegido. Puedes localizarlo a trav\u00e9s de las coordenadas que te facilitamos. Adem\u00e1s, tienes a tu disposici\u00f3n la descarga del<br \/><a href=\"https:\/\/www.hacesmasdeloquecrees.org\/index.php\/arbol-decimo-bosque\/\" class=\"more\">Read more<\/a><\/p>\n","protected":false},"author":8,"featured_media":0,"parent":0,"menu_order":0,"comment_status":"closed","ping_status":"closed","template":"","meta":{"footnotes":""},"class_list":["post-1590","page","type-page","status-publish","hentry"],"yoast_head":"<!-- This site is optimized with the Yoast SEO plugin v26.0 - https:\/\/yoast.com\/wordpress\/plugins\/seo\/ -->\n<title>arbol d\u00e9cimo bosque - Bosques SIGAUS<\/title>\n<meta name=\"robots\" content=\"index, follow, max-snippet:-1, max-image-preview:large, max-video-preview:-1\" \/>\n<link rel=\"canonical\" href=\"https:\/\/www.hacesmasdeloquecrees.org\/index.php\/arbol-decimo-bosque\/\" \/>\n<meta property=\"og:locale\" content=\"es_ES\" \/>\n<meta property=\"og:type\" content=\"article\" \/>\n<meta property=\"og:title\" content=\"arbol d\u00e9cimo bosque - Bosques SIGAUS\" \/>\n<meta property=\"og:description\" content=\"[vc_row type=\u00bbfull-width-section\u00bb content_placement=\u00bbtop\u00bb css=\u00bb.vc_custom_1519664863374{margin-top: 70px !important;margin-bottom: 0px !important;padding-top: 70px !important;padding-bottom: 0px !important;background-color: #ffffff !important;background-position: center !important;background-repeat: no-repeat !important;background-size: cover !important;}\u00bb][vc_column][vc_custom_heading text=\u00bbEl \u00e1rbol de&#8230;\u00bb font_container=\u00bbtag:h2|text_align:center\u00bb use_theme_fonts=\u00bbyes\u00bb] [vc_empty_space][vc_column_text] \u00a1Enhorabuena! Ya tienes tu \u00e1rbol con el nombre que has elegido. Puedes localizarlo a trav\u00e9s de las coordenadas que te facilitamos. Adem\u00e1s, tienes a tu disposici\u00f3n la descarga delRead more\" \/>\n<meta property=\"og:url\" content=\"https:\/\/www.hacesmasdeloquecrees.org\/index.php\/arbol-decimo-bosque\/\" \/>\n<meta property=\"og:site_name\" content=\"Bosques SIGAUS\" \/>\n<meta property=\"article:publisher\" content=\"https:\/\/www.facebook.com\/HacesMasconSIGAUS\/\" \/>\n<meta property=\"article:modified_time\" content=\"2024-08-12T08:17:05+00:00\" \/>\n<meta name=\"twitter:card\" content=\"summary_large_image\" \/>\n<meta name=\"twitter:site\" content=\"@hacesmas\" \/>\n<meta name=\"twitter:label1\" content=\"Tiempo de lectura\" \/>\n\t<meta name=\"twitter:data1\" content=\"1 minuto\" \/>\n<script type=\"application\/ld+json\" class=\"yoast-schema-graph\">{\"@context\":\"https:\/\/schema.org\",\"@graph\":[{\"@type\":\"WebPage\",\"@id\":\"https:\/\/www.hacesmasdeloquecrees.org\/index.php\/arbol-decimo-bosque\/\",\"url\":\"https:\/\/www.hacesmasdeloquecrees.org\/index.php\/arbol-decimo-bosque\/\",\"name\":\"arbol d\u00e9cimo bosque - Bosques SIGAUS\",\"isPartOf\":{\"@id\":\"https:\/\/www.hacesmasdeloquecrees.org\/#website\"},\"datePublished\":\"2022-02-16T11:10:01+00:00\",\"dateModified\":\"2024-08-12T08:17:05+00:00\",\"breadcrumb\":{\"@id\":\"https:\/\/www.hacesmasdeloquecrees.org\/index.php\/arbol-decimo-bosque\/#breadcrumb\"},\"inLanguage\":\"es\",\"potentialAction\":[{\"@type\":\"ReadAction\",\"target\":[\"https:\/\/www.hacesmasdeloquecrees.org\/index.php\/arbol-decimo-bosque\/\"]}]},{\"@type\":\"BreadcrumbList\",\"@id\":\"https:\/\/www.hacesmasdeloquecrees.org\/index.php\/arbol-decimo-bosque\/#breadcrumb\",\"itemListElement\":[{\"@type\":\"ListItem\",\"position\":1,\"name\":\"Portada\",\"item\":\"https:\/\/www.hacesmasdeloquecrees.org\/\"},{\"@type\":\"ListItem\",\"position\":2,\"name\":\"arbol d\u00e9cimo bosque\"}]},{\"@type\":\"WebSite\",\"@id\":\"https:\/\/www.hacesmasdeloquecrees.org\/#website\",\"url\":\"https:\/\/www.hacesmasdeloquecrees.org\/\",\"name\":\"hacesmasdeloquecrees\",\"description\":\"Informaci\u00f3n de todos los bosques que ha plantado SIGAUS\",\"publisher\":{\"@id\":\"https:\/\/www.hacesmasdeloquecrees.org\/#organization\"},\"alternateName\":\"Bosques SIGAUS\",\"potentialAction\":[{\"@type\":\"SearchAction\",\"target\":{\"@type\":\"EntryPoint\",\"urlTemplate\":\"https:\/\/www.hacesmasdeloquecrees.org\/?s={search_term_string}\"},\"query-input\":{\"@type\":\"PropertyValueSpecification\",\"valueRequired\":true,\"valueName\":\"search_term_string\"}}],\"inLanguage\":\"es\"},{\"@type\":\"Organization\",\"@id\":\"https:\/\/www.hacesmasdeloquecrees.org\/#organization\",\"name\":\"hacesmasdeloquecrees\",\"url\":\"https:\/\/www.hacesmasdeloquecrees.org\/\",\"logo\":{\"@type\":\"ImageObject\",\"inLanguage\":\"es\",\"@id\":\"https:\/\/www.hacesmasdeloquecrees.org\/#\/schema\/logo\/image\/\",\"url\":\"https:\/\/www.hacesmasdeloquecrees.org\/wp-content\/uploads\/2025\/08\/logoSIGAUS_color-scaled.png\",\"contentUrl\":\"https:\/\/www.hacesmasdeloquecrees.org\/wp-content\/uploads\/2025\/08\/logoSIGAUS_color-scaled.png\",\"width\":2560,\"height\":1730,\"caption\":\"hacesmasdeloquecrees\"},\"image\":{\"@id\":\"https:\/\/www.hacesmasdeloquecrees.org\/#\/schema\/logo\/image\/\"},\"sameAs\":[\"https:\/\/www.facebook.com\/HacesMasconSIGAUS\/\",\"https:\/\/x.com\/hacesmas\"]}]}<\/script>\n<!-- \/ Yoast SEO plugin. -->","yoast_head_json":{"title":"arbol d\u00e9cimo bosque - Bosques SIGAUS","robots":{"index":"index","follow":"follow","max-snippet":"max-snippet:-1","max-image-preview":"max-image-preview:large","max-video-preview":"max-video-preview:-1"},"canonical":"https:\/\/www.hacesmasdeloquecrees.org\/index.php\/arbol-decimo-bosque\/","og_locale":"es_ES","og_type":"article","og_title":"arbol d\u00e9cimo bosque - Bosques SIGAUS","og_description":"[vc_row type=\u00bbfull-width-section\u00bb content_placement=\u00bbtop\u00bb css=\u00bb.vc_custom_1519664863374{margin-top: 70px !important;margin-bottom: 0px !important;padding-top: 70px !important;padding-bottom: 0px !important;background-color: #ffffff !important;background-position: center !important;background-repeat: no-repeat !important;background-size: cover !important;}\u00bb][vc_column][vc_custom_heading text=\u00bbEl \u00e1rbol de&#8230;\u00bb font_container=\u00bbtag:h2|text_align:center\u00bb use_theme_fonts=\u00bbyes\u00bb] [vc_empty_space][vc_column_text] \u00a1Enhorabuena! Ya tienes tu \u00e1rbol con el nombre que has elegido. Puedes localizarlo a trav\u00e9s de las coordenadas que te facilitamos. Adem\u00e1s, tienes a tu disposici\u00f3n la descarga delRead more","og_url":"https:\/\/www.hacesmasdeloquecrees.org\/index.php\/arbol-decimo-bosque\/","og_site_name":"Bosques SIGAUS","article_publisher":"https:\/\/www.facebook.com\/HacesMasconSIGAUS\/","article_modified_time":"2024-08-12T08:17:05+00:00","twitter_card":"summary_large_image","twitter_site":"@hacesmas","twitter_misc":{"Tiempo de lectura":"1 minuto"},"schema":{"@context":"https:\/\/schema.org","@graph":[{"@type":"WebPage","@id":"https:\/\/www.hacesmasdeloquecrees.org\/index.php\/arbol-decimo-bosque\/","url":"https:\/\/www.hacesmasdeloquecrees.org\/index.php\/arbol-decimo-bosque\/","name":"arbol d\u00e9cimo bosque - Bosques SIGAUS","isPartOf":{"@id":"https:\/\/www.hacesmasdeloquecrees.org\/#website"},"datePublished":"2022-02-16T11:10:01+00:00","dateModified":"2024-08-12T08:17:05+00:00","breadcrumb":{"@id":"https:\/\/www.hacesmasdeloquecrees.org\/index.php\/arbol-decimo-bosque\/#breadcrumb"},"inLanguage":"es","potentialAction":[{"@type":"ReadAction","target":["https:\/\/www.hacesmasdeloquecrees.org\/index.php\/arbol-decimo-bosque\/"]}]},{"@type":"BreadcrumbList","@id":"https:\/\/www.hacesmasdeloquecrees.org\/index.php\/arbol-decimo-bosque\/#breadcrumb","itemListElement":[{"@type":"ListItem","position":1,"name":"Portada","item":"https:\/\/www.hacesmasdeloquecrees.org\/"},{"@type":"ListItem","position":2,"name":"arbol d\u00e9cimo bosque"}]},{"@type":"WebSite","@id":"https:\/\/www.hacesmasdeloquecrees.org\/#website","url":"https:\/\/www.hacesmasdeloquecrees.org\/","name":"hacesmasdeloquecrees","description":"Informaci\u00f3n de todos los bosques que ha plantado SIGAUS","publisher":{"@id":"https:\/\/www.hacesmasdeloquecrees.org\/#organization"},"alternateName":"Bosques SIGAUS","potentialAction":[{"@type":"SearchAction","target":{"@type":"EntryPoint","urlTemplate":"https:\/\/www.hacesmasdeloquecrees.org\/?s={search_term_string}"},"query-input":{"@type":"PropertyValueSpecification","valueRequired":true,"valueName":"search_term_string"}}],"inLanguage":"es"},{"@type":"Organization","@id":"https:\/\/www.hacesmasdeloquecrees.org\/#organization","name":"hacesmasdeloquecrees","url":"https:\/\/www.hacesmasdeloquecrees.org\/","logo":{"@type":"ImageObject","inLanguage":"es","@id":"https:\/\/www.hacesmasdeloquecrees.org\/#\/schema\/logo\/image\/","url":"https:\/\/www.hacesmasdeloquecrees.org\/wp-content\/uploads\/2025\/08\/logoSIGAUS_color-scaled.png","contentUrl":"https:\/\/www.hacesmasdeloquecrees.org\/wp-content\/uploads\/2025\/08\/logoSIGAUS_color-scaled.png","width":2560,"height":1730,"caption":"hacesmasdeloquecrees"},"image":{"@id":"https:\/\/www.hacesmasdeloquecrees.org\/#\/schema\/logo\/image\/"},"sameAs":["https:\/\/www.facebook.com\/HacesMasconSIGAUS\/","https:\/\/x.com\/hacesmas"]}]}},"_links":{"self":[{"href":"https:\/\/www.hacesmasdeloquecrees.org\/index.php\/wp-json\/wp\/v2\/pages\/1590","targetHints":{"allow":["GET"]}}],"collection":[{"href":"https:\/\/www.hacesmasdeloquecrees.org\/index.php\/wp-json\/wp\/v2\/pages"}],"about":[{"href":"https:\/\/www.hacesmasdeloquecrees.org\/index.php\/wp-json\/wp\/v2\/types\/page"}],"author":[{"embeddable":true,"href":"https:\/\/www.hacesmasdeloquecrees.org\/index.php\/wp-json\/wp\/v2\/users\/8"}],"replies":[{"embeddable":true,"href":"https:\/\/www.hacesmasdeloquecrees.org\/index.php\/wp-json\/wp\/v2\/comments?post=1590"}],"version-history":[{"count":11,"href":"https:\/\/www.hacesmasdeloquecrees.org\/index.php\/wp-json\/wp\/v2\/pages\/1590\/revisions"}],"predecessor-version":[{"id":1805,"href":"https:\/\/www.hacesmasdeloquecrees.org\/index.php\/wp-json\/wp\/v2\/pages\/1590\/revisions\/1805"}],"wp:attachment":[{"href":"https:\/\/www.hacesmasdeloquecrees.org\/index.php\/wp-json\/wp\/v2\/media?parent=1590"}],"curies":[{"name":"wp","href":"https:\/\/api.w.org\/{rel}","templated":true}]}}