{"id":816,"date":"2018-03-21T14:22:41","date_gmt":"2018-03-21T14:22:41","guid":{"rendered":"http:\/\/www.test.hacesmasdeloquecrees.org\/?page_id=816"},"modified":"2018-03-21T15:26:40","modified_gmt":"2018-03-21T15:26:40","slug":"aviso-legal","status":"publish","type":"page","link":"https:\/\/www.hacesmasdeloquecrees.org\/index.php\/aviso-legal\/","title":{"rendered":"Aviso legal"},"content":{"rendered":"<p>[vc_row][vc_column][vc_custom_heading text=\u00bbAviso legal\u00bb use_theme_fonts=\u00bbyes\u00bb][\/vc_column][\/vc_row][vc_row][vc_column][vc_column_text]El presente aviso e informaci\u00f3n legales (en adelante, el \u00abAviso Legal\u00bb) regula el uso del servicio del portal de Internet\u00a0<u>www.<\/u><a href=\"http:\/\/www.sigaus.es\/aviso-legal\">hacesmasdeloquecrees.org<\/a> habiendo sido creado exclusivamente con car\u00e1cter informativo. El uso y el acceso a la misma implican el conocimiento y aceptaci\u00f3n sin reserva de los t\u00e9rminos descritos a continuaci\u00f3n.<\/p>\n<p>Para dar cumplimiento con lo establecido en la Ley 34\/2002, de 11 de julio, de servicios de la sociedad de la informaci\u00f3n y de comercio electr\u00f3nico, a continuaci\u00f3n se indican los datos de informaci\u00f3n general de este sitio web:<\/p>\n<ul>\n<li>Titular: SISTEMA INTEGRADO DE GESTI\u00d3N DE ACEITES USADOS, S.L. (en adelante, SIGAUS)<\/li>\n<li>Direcci\u00f3n: Avenida Europa 34-D; 28023 &#8211; MADRID<\/li>\n<li>Informaci\u00f3n de Contacto:\u00a0<a href=\"mailto:info@sigaus.com\">info@sigaus.com<\/a><\/li>\n<li>CIF: B-84886837<\/li>\n<\/ul>\n<p>Los contenidos publicados en esta plataforma, su dise\u00f1o gr\u00e1fico, im\u00e1genes y c\u00f3digo fuente son propiedad intelectual de SIGAUS, en virtud de lo establecido en este AVISO LEGAL.<\/p>\n<h4><strong>Usuarios<\/strong><\/h4>\n<p>La utilizaci\u00f3n del Portal <u>www.hacesmasdeloquecrees.org<\/u> as\u00ed como de los servicios que en \u00e9l se ofrecen por SIGAUS, tiene car\u00e1cter gratuito para los usuarios. Este hecho no implica el establecimiento de ning\u00fan tipo de relaci\u00f3n comercial entre SIGAUS y el Usuario.<\/p>\n<p>El acceso a y\/o uso del Portal atribuye a quien lo realiza la condici\u00f3n de usuario, aceptando, desde ese mismo momento, las presentes Condiciones Generales. Asimismo, la utilizaci\u00f3n del Portal se encuentra sometida igualmente a todos los avisos, reglamentos de uso e instrucciones, puestos en conocimiento del usuario por parte de SIGAUS.<\/p>\n<p>SIGAUS puede modificar las presentes Condiciones Generales o introducir nuevas condiciones de uso del sitio web y\/o de los servicios en \u00e9l ofertados en cualquier momento, incluido el cese de la gratuidad, no aplic\u00e1ndose con car\u00e1cter retroactivo y entrando en vigor a partir de la fecha de su publicaci\u00f3n.<\/p>\n<p>Por el mero uso del Portal de SIGAUS el usuario manifiesta su aceptaci\u00f3n sin reservas de las presentes condiciones generales.<strong><br \/>\n<\/strong><\/p>\n<h4><strong>Uso de la p\u00e1gina web<\/strong><\/h4>\n<p>El usuario se compromete a utilizar el Portal, sus servicios y contenidos sin contravenir lo dispuesto en el presente Aviso legal, modifiquen o sustituyan, la legislaci\u00f3n vigente, la buena fe, y el orden p\u00fablico. Asimismo, queda prohibido el uso del Portal con fines il\u00edcitos o lesivos contra SIGAUS o cualquier tercero, o que, de cualquier forma, puedan causar perjuicio o impedir el normal funcionamiento de este sitio web.<\/p>\n<p>Se obliga asimismo a no realizar a trav\u00e9s de los servicios, actividades publicitarias o de explotaci\u00f3n comercial y a no remitir mensajes utilizando una identidad falsa, as\u00ed como a no ocultar en manera alguna el origen del mensaje.<\/p>\n<h4><strong>Propiedad Intelectual<\/strong><\/h4>\n<p>Los contenidos del Portal son propiedad intelectual de SIGAUS o de terceros, sin que puedan entenderse cedidos al Usuario, en virtud de lo establecido en este Aviso Legal, ninguno de los derechos de explotaci\u00f3n que existen o puedan existir sobre dichos contenidos m\u00e1s all\u00e1 de lo estrictamente necesario para el correcto uso del Portal.<\/p>\n<p>Por lo tanto, queda prohibida la copia, reproducci\u00f3n, difusi\u00f3n, transformaci\u00f3n o modificaci\u00f3n de todos los contenidos del Portal (dise\u00f1os, informaciones, gr\u00e1ficos, archivos de imagen, audios o videos, etc.), a menos que se cuente con la autorizaci\u00f3n expresa por parte de SIGAUS o resulte legalmente permitido.<\/p>\n<p>Las marcas, nombres comerciales, logotipos y dem\u00e1s signos distintivos que figures o puedas figurar en esta p\u00e1gina Web son titularidad de SIGAUS y est\u00e1n protegidos por la legislaci\u00f3n vigente en materia de propiedad intelectual. Queda prohibido el uso y explotaci\u00f3n de los referidos signos distintivos. La reproducci\u00f3n del nombre comercial, r\u00f3tulo, logotipo o cualquier elemento identificativo de SIGAUS requerir\u00e1 autorizaci\u00f3n expresa de SIGAUS.<\/p>\n<h4><strong>Contenidos y limitaci\u00f3n de responsabilidad<\/strong><\/h4>\n<p>SIGAUS act\u00faa exclusivamente como responsable del Portal, prestador de un servicio de informaci\u00f3n sobre sus propios servicios, no haci\u00e9ndose responsable de los contenidos que, en contravenci\u00f3n a las presentes condiciones generales, los usuarios pudieran enviar o publicar, siendo el usuario el \u00fanico responsable de la veracidad y licitud de los mismos.<\/p>\n<p>El usuario se obliga a respetar las restricciones de uso el Portal \u00a0 <a href=\"https:\/\/www.hacesmasdeloquecrees.org\">www.hacesmasdeloquecrees.org<\/a> \u00a0y de los servicios ofertados por SIGAUS en cada momento.<\/p>\n<p>SIGAUS revisa la informaci\u00f3n y datos expuestos en esta p\u00e1gina Web, pero no asume la responsabilidad ni las consecuencias derivadas de su interpretaci\u00f3n o uso.<\/p>\n<p>SIGAUS no garantiza que el acceso a esta p\u00e1gina Web sea ininterrumpido o se encuentre libre de error. No obstante, SIGAUS declara que ha adoptado todas las medidas necesarias, dentro de sus posibilidades y del estado de la tecnolog\u00eda, para garantizar el funcionamiento de esta p\u00e1gina Web y que llevar\u00e1 a cabo todas aquellas acciones tendentes a subsanar error y restablecer comunicaciones.<\/p>\n<p>SIGAUS no ser\u00e1 responsable por los perjuicios que surjan por el acceso y\/o uso de esta p\u00e1gina Web ni tampoco garantiza la ausencia de virus u otros elementos que pudieran causar da\u00f1os en los sistemas inform\u00e1ticos de los Usuarios, no responsabiliz\u00e1ndose de los perjuicios que pudieran producirse por estas causas cuando estos perjuicios se deriven de las aplicaciones inform\u00e1ticas del Usuario, su conexi\u00f3n a Internet, o cualquier otra causa no imputable a SIGAUS.<\/p>\n<p>SIGAUS no controla la utilizaci\u00f3n que los Usuarios hacen de la p\u00e1gina Web, ni garantiza que lo hagan de forma conforme a las presentes Condiciones Generales.<\/p>\n<p>SIGAUS podr\u00e1 interrumpir el servicio de la Web de los BOSQUES SIGAUS que est\u00e9 siendo utilizado por el Usuario y resolver de modo inmediato la relaci\u00f3n con el Usuario si detecta un uso de dicha Web o de cualquiera de los servicios que en el mismo se ofertan que pueda considerar contrario a las presentes Condiciones Generales.<\/p>\n<p>SIGAUS se reserva el derecho de modificar unilateralmente, en cualquier momento y sin previo aviso, la presentaci\u00f3n y las presentes Condiciones Generales o introducir nuevas condiciones de uso de la p\u00e1gina <a href=\"https:\/\/www.hacesmasdeloquecrees.org\">www.hacesmasdeloquecrees.org<\/a> , as\u00ed como los contenidos publicados y las condiciones requeridas para su utilizaci\u00f3n.<\/p>\n<h4><strong>Enlaces<\/strong><\/h4>\n<p>SIGAUS ofrece enlaces a otras p\u00e1ginas Web propias, teniendo dichos enlaces una finalidad informativa, no constituyendo los mismos una invitaci\u00f3n a la contrataci\u00f3n de productos y\/o servicios que puedan ser ofrecidos en la p\u00e1gina Web enlazada.<\/p>\n<p>Cualquier enlace que pudiera establecerse a esta p\u00e1gina Web deber\u00e1 dirigirse a la P\u00e1gina principal y ser absoluto y completo, sin que en ning\u00fan caso pueda incluirse como parte de otra p\u00e1gina Web.<\/p>\n<h4><strong>Legislaci\u00f3n aplicable y Tribunales competentes<\/strong><\/h4>\n<p>Los t\u00e9rminos y condiciones que rigen esta Web, as\u00ed como las relaciones que pudieran derivarse est\u00e1n protegidas y quedan sujetas a la legislaci\u00f3n espa\u00f1ola.<\/p>\n<p>Para la resoluci\u00f3n de cualquier tipo de controversia, litigio o discrepancia que pudiera suscitarse entre el Usuario y SIGAUS por el uso de este sitio Web, y siempre y cuando la normativa vigente en materia de jurisdicci\u00f3n competente as\u00ed lo permita, se acuerda la renuncia expresa a cualquier otro fuero y el sometimiento de las mismas a los Juzgados y Tribunales de Madrid capital.<\/p>\n<h4><strong>Protecci\u00f3n de datos<\/strong><\/h4>\n<p>SIGAUS ha adoptado todas las medidas de seguridad legalmente exigidas para la protecci\u00f3n de los datos personales suministrados por el usuario. No obstante, no puede garantizar la invulnerabilidad absoluta de sus sistemas de seguridad, ni puede garantizar la seguridad o inviolabilidad de dichos datos en su transmisi\u00f3n a trav\u00e9s de la red.<\/p>\n<p>SIGAUS no garantiza la licitud, fiabilidad y utilidad de los contenidos que los usuarios transmitan con la utilizaci\u00f3n del sitio web o de los servicios en \u00e9l ofertados, as\u00ed como tampoco su veracidad o exactitud.<\/p>\n<p>SIGAUS no controla ni garantiza la ausencia de virus inform\u00e1ticos en los servicios prestados por terceros a trav\u00e9s del sitio web que puedan producir alteraciones en su sistema inform\u00e1tico (software y hardware) o en los documentos y ficheros electr\u00f3nicos almacenados en su sistema inform\u00e1tico. Los dispositivos de enlace que el sitio web pone a disposici\u00f3n de los usuarios tienen por \u00fanico objeto facilitar a los mismos la b\u00fasqueda de la informaci\u00f3n disponible en Internet.<\/p>\n<h4><strong>Duraci\u00f3n de la prestaci\u00f3n del servicio<\/strong><\/h4>\n<p>La duraci\u00f3n de la prestaci\u00f3n del servicio del Portal y de los servicios es de car\u00e1cter indefinido.<\/p>\n<p>Sin perjuicio de lo anterior, SIGAUS se reserva el derecho para interrumpir el servicio del Portal que est\u00e9 siendo utilizado por el usuario y resolver de modo inmediato la relaci\u00f3n con el usuario si detecta un uso de dicha web o de cualquiera de los servicios que en el mismo se ofertan que pueda considerarse contrario a las presentes condiciones generales.<\/p>\n<h4><strong>Legislaci\u00f3n<\/strong><\/h4>\n<p>Las presentes Condiciones Generales se regir\u00e1n por la legislaci\u00f3n espa\u00f1ola.<\/p>\n<p>Las partes, con expresa renuncia a su propio fuero, aceptan como legislaci\u00f3n rectora del presente contrato, la espa\u00f1ola, y se someten para la resoluci\u00f3n de cuantos litigios pudieran derivarse del mismo a los Juzgados y Tribunales de Madrid Capital.[\/vc_column_text][\/vc_column][\/vc_row]<\/p>\n","protected":false},"excerpt":{"rendered":"<p>[vc_row][vc_column][vc_custom_heading text=\u00bbAviso legal\u00bb use_theme_fonts=\u00bbyes\u00bb][\/vc_column][\/vc_row][vc_row][vc_column][vc_column_text]El presente aviso e informaci\u00f3n legales (en adelante, el \u00abAviso Legal\u00bb) regula el uso del servicio del portal de Internet\u00a0www.hacesmasdeloquecrees.org habiendo sido creado exclusivamente con car\u00e1cter informativo. El uso y el acceso a la misma implican el conocimiento y aceptaci\u00f3n sin reserva de los t\u00e9rminos descritos a continuaci\u00f3n. Para dar cumplimiento con<br \/><a href=\"https:\/\/www.hacesmasdeloquecrees.org\/index.php\/aviso-legal\/\" class=\"more\">Read more<\/a><\/p>\n","protected":false},"author":8,"featured_media":0,"parent":0,"menu_order":0,"comment_status":"closed","ping_status":"closed","template":"","meta":{"footnotes":""},"class_list":["post-816","page","type-page","status-publish","hentry"],"yoast_head":"<!-- This site is optimized with the Yoast SEO plugin v26.0 - https:\/\/yoast.com\/wordpress\/plugins\/seo\/ -->\n<title>Aviso legal - Bosques SIGAUS<\/title>\n<meta name=\"robots\" content=\"index, follow, max-snippet:-1, max-image-preview:large, max-video-preview:-1\" \/>\n<link rel=\"canonical\" href=\"https:\/\/www.hacesmasdeloquecrees.org\/index.php\/aviso-legal\/\" \/>\n<meta property=\"og:locale\" content=\"es_ES\" \/>\n<meta property=\"og:type\" content=\"article\" \/>\n<meta property=\"og:title\" content=\"Aviso legal - Bosques SIGAUS\" \/>\n<meta property=\"og:description\" content=\"[vc_row][vc_column][vc_custom_heading text=\u00bbAviso legal\u00bb use_theme_fonts=\u00bbyes\u00bb][\/vc_column][\/vc_row][vc_row][vc_column][vc_column_text]El presente aviso e informaci\u00f3n legales (en adelante, el \u00abAviso Legal\u00bb) regula el uso del servicio del portal de Internet\u00a0www.hacesmasdeloquecrees.org habiendo sido creado exclusivamente con car\u00e1cter informativo. El uso y el acceso a la misma implican el conocimiento y aceptaci\u00f3n sin reserva de los t\u00e9rminos descritos a continuaci\u00f3n. Para dar cumplimiento conRead more\" \/>\n<meta property=\"og:url\" content=\"https:\/\/www.hacesmasdeloquecrees.org\/index.php\/aviso-legal\/\" \/>\n<meta property=\"og:site_name\" content=\"Bosques SIGAUS\" \/>\n<meta property=\"article:publisher\" content=\"https:\/\/www.facebook.com\/HacesMasconSIGAUS\/\" \/>\n<meta property=\"article:modified_time\" content=\"2018-03-21T15:26:40+00:00\" \/>\n<meta name=\"twitter:card\" content=\"summary_large_image\" \/>\n<meta name=\"twitter:site\" content=\"@hacesmas\" \/>\n<meta name=\"twitter:label1\" content=\"Tiempo de lectura\" \/>\n\t<meta name=\"twitter:data1\" content=\"8 minutos\" \/>\n<script type=\"application\/ld+json\" class=\"yoast-schema-graph\">{\"@context\":\"https:\/\/schema.org\",\"@graph\":[{\"@type\":\"WebPage\",\"@id\":\"https:\/\/www.hacesmasdeloquecrees.org\/index.php\/aviso-legal\/\",\"url\":\"https:\/\/www.hacesmasdeloquecrees.org\/index.php\/aviso-legal\/\",\"name\":\"Aviso legal - Bosques SIGAUS\",\"isPartOf\":{\"@id\":\"https:\/\/www.hacesmasdeloquecrees.org\/#website\"},\"datePublished\":\"2018-03-21T14:22:41+00:00\",\"dateModified\":\"2018-03-21T15:26:40+00:00\",\"breadcrumb\":{\"@id\":\"https:\/\/www.hacesmasdeloquecrees.org\/index.php\/aviso-legal\/#breadcrumb\"},\"inLanguage\":\"es\",\"potentialAction\":[{\"@type\":\"ReadAction\",\"target\":[\"https:\/\/www.hacesmasdeloquecrees.org\/index.php\/aviso-legal\/\"]}]},{\"@type\":\"BreadcrumbList\",\"@id\":\"https:\/\/www.hacesmasdeloquecrees.org\/index.php\/aviso-legal\/#breadcrumb\",\"itemListElement\":[{\"@type\":\"ListItem\",\"position\":1,\"name\":\"Portada\",\"item\":\"https:\/\/www.hacesmasdeloquecrees.org\/\"},{\"@type\":\"ListItem\",\"position\":2,\"name\":\"Aviso legal\"}]},{\"@type\":\"WebSite\",\"@id\":\"https:\/\/www.hacesmasdeloquecrees.org\/#website\",\"url\":\"https:\/\/www.hacesmasdeloquecrees.org\/\",\"name\":\"hacesmasdeloquecrees\",\"description\":\"Informaci\u00f3n de todos los bosques que ha plantado SIGAUS\",\"publisher\":{\"@id\":\"https:\/\/www.hacesmasdeloquecrees.org\/#organization\"},\"alternateName\":\"Bosques SIGAUS\",\"potentialAction\":[{\"@type\":\"SearchAction\",\"target\":{\"@type\":\"EntryPoint\",\"urlTemplate\":\"https:\/\/www.hacesmasdeloquecrees.org\/?s={search_term_string}\"},\"query-input\":{\"@type\":\"PropertyValueSpecification\",\"valueRequired\":true,\"valueName\":\"search_term_string\"}}],\"inLanguage\":\"es\"},{\"@type\":\"Organization\",\"@id\":\"https:\/\/www.hacesmasdeloquecrees.org\/#organization\",\"name\":\"hacesmasdeloquecrees\",\"url\":\"https:\/\/www.hacesmasdeloquecrees.org\/\",\"logo\":{\"@type\":\"ImageObject\",\"inLanguage\":\"es\",\"@id\":\"https:\/\/www.hacesmasdeloquecrees.org\/#\/schema\/logo\/image\/\",\"url\":\"https:\/\/www.hacesmasdeloquecrees.org\/wp-content\/uploads\/2025\/08\/logoSIGAUS_color-scaled.png\",\"contentUrl\":\"https:\/\/www.hacesmasdeloquecrees.org\/wp-content\/uploads\/2025\/08\/logoSIGAUS_color-scaled.png\",\"width\":2560,\"height\":1730,\"caption\":\"hacesmasdeloquecrees\"},\"image\":{\"@id\":\"https:\/\/www.hacesmasdeloquecrees.org\/#\/schema\/logo\/image\/\"},\"sameAs\":[\"https:\/\/www.facebook.com\/HacesMasconSIGAUS\/\",\"https:\/\/x.com\/hacesmas\"]}]}<\/script>\n<!-- \/ Yoast SEO plugin. -->","yoast_head_json":{"title":"Aviso legal - Bosques SIGAUS","robots":{"index":"index","follow":"follow","max-snippet":"max-snippet:-1","max-image-preview":"max-image-preview:large","max-video-preview":"max-video-preview:-1"},"canonical":"https:\/\/www.hacesmasdeloquecrees.org\/index.php\/aviso-legal\/","og_locale":"es_ES","og_type":"article","og_title":"Aviso legal - Bosques SIGAUS","og_description":"[vc_row][vc_column][vc_custom_heading text=\u00bbAviso legal\u00bb use_theme_fonts=\u00bbyes\u00bb][\/vc_column][\/vc_row][vc_row][vc_column][vc_column_text]El presente aviso e informaci\u00f3n legales (en adelante, el \u00abAviso Legal\u00bb) regula el uso del servicio del portal de Internet\u00a0www.hacesmasdeloquecrees.org habiendo sido creado exclusivamente con car\u00e1cter informativo. El uso y el acceso a la misma implican el conocimiento y aceptaci\u00f3n sin reserva de los t\u00e9rminos descritos a continuaci\u00f3n. Para dar cumplimiento conRead more","og_url":"https:\/\/www.hacesmasdeloquecrees.org\/index.php\/aviso-legal\/","og_site_name":"Bosques SIGAUS","article_publisher":"https:\/\/www.facebook.com\/HacesMasconSIGAUS\/","article_modified_time":"2018-03-21T15:26:40+00:00","twitter_card":"summary_large_image","twitter_site":"@hacesmas","twitter_misc":{"Tiempo de lectura":"8 minutos"},"schema":{"@context":"https:\/\/schema.org","@graph":[{"@type":"WebPage","@id":"https:\/\/www.hacesmasdeloquecrees.org\/index.php\/aviso-legal\/","url":"https:\/\/www.hacesmasdeloquecrees.org\/index.php\/aviso-legal\/","name":"Aviso legal - Bosques SIGAUS","isPartOf":{"@id":"https:\/\/www.hacesmasdeloquecrees.org\/#website"},"datePublished":"2018-03-21T14:22:41+00:00","dateModified":"2018-03-21T15:26:40+00:00","breadcrumb":{"@id":"https:\/\/www.hacesmasdeloquecrees.org\/index.php\/aviso-legal\/#breadcrumb"},"inLanguage":"es","potentialAction":[{"@type":"ReadAction","target":["https:\/\/www.hacesmasdeloquecrees.org\/index.php\/aviso-legal\/"]}]},{"@type":"BreadcrumbList","@id":"https:\/\/www.hacesmasdeloquecrees.org\/index.php\/aviso-legal\/#breadcrumb","itemListElement":[{"@type":"ListItem","position":1,"name":"Portada","item":"https:\/\/www.hacesmasdeloquecrees.org\/"},{"@type":"ListItem","position":2,"name":"Aviso legal"}]},{"@type":"WebSite","@id":"https:\/\/www.hacesmasdeloquecrees.org\/#website","url":"https:\/\/www.hacesmasdeloquecrees.org\/","name":"hacesmasdeloquecrees","description":"Informaci\u00f3n de todos los bosques que ha plantado SIGAUS","publisher":{"@id":"https:\/\/www.hacesmasdeloquecrees.org\/#organization"},"alternateName":"Bosques SIGAUS","potentialAction":[{"@type":"SearchAction","target":{"@type":"EntryPoint","urlTemplate":"https:\/\/www.hacesmasdeloquecrees.org\/?s={search_term_string}"},"query-input":{"@type":"PropertyValueSpecification","valueRequired":true,"valueName":"search_term_string"}}],"inLanguage":"es"},{"@type":"Organization","@id":"https:\/\/www.hacesmasdeloquecrees.org\/#organization","name":"hacesmasdeloquecrees","url":"https:\/\/www.hacesmasdeloquecrees.org\/","logo":{"@type":"ImageObject","inLanguage":"es","@id":"https:\/\/www.hacesmasdeloquecrees.org\/#\/schema\/logo\/image\/","url":"https:\/\/www.hacesmasdeloquecrees.org\/wp-content\/uploads\/2025\/08\/logoSIGAUS_color-scaled.png","contentUrl":"https:\/\/www.hacesmasdeloquecrees.org\/wp-content\/uploads\/2025\/08\/logoSIGAUS_color-scaled.png","width":2560,"height":1730,"caption":"hacesmasdeloquecrees"},"image":{"@id":"https:\/\/www.hacesmasdeloquecrees.org\/#\/schema\/logo\/image\/"},"sameAs":["https:\/\/www.facebook.com\/HacesMasconSIGAUS\/","https:\/\/x.com\/hacesmas"]}]}},"_links":{"self":[{"href":"https:\/\/www.hacesmasdeloquecrees.org\/index.php\/wp-json\/wp\/v2\/pages\/816","targetHints":{"allow":["GET"]}}],"collection":[{"href":"https:\/\/www.hacesmasdeloquecrees.org\/index.php\/wp-json\/wp\/v2\/pages"}],"about":[{"href":"https:\/\/www.hacesmasdeloquecrees.org\/index.php\/wp-json\/wp\/v2\/types\/page"}],"author":[{"embeddable":true,"href":"https:\/\/www.hacesmasdeloquecrees.org\/index.php\/wp-json\/wp\/v2\/users\/8"}],"replies":[{"embeddable":true,"href":"https:\/\/www.hacesmasdeloquecrees.org\/index.php\/wp-json\/wp\/v2\/comments?post=816"}],"version-history":[{"count":4,"href":"https:\/\/www.hacesmasdeloquecrees.org\/index.php\/wp-json\/wp\/v2\/pages\/816\/revisions"}],"predecessor-version":[{"id":825,"href":"https:\/\/www.hacesmasdeloquecrees.org\/index.php\/wp-json\/wp\/v2\/pages\/816\/revisions\/825"}],"wp:attachment":[{"href":"https:\/\/www.hacesmasdeloquecrees.org\/index.php\/wp-json\/wp\/v2\/media?parent=816"}],"curies":[{"name":"wp","href":"https:\/\/api.w.org\/{rel}","templated":true}]}}